{"id":427,"date":"2024-04-19T14:42:18","date_gmt":"2024-04-19T14:42:18","guid":{"rendered":"https:\/\/gbe.md\/?post_type=product&#038;p=427"},"modified":"2024-04-19T14:42:18","modified_gmt":"2024-04-19T14:42:18","slug":"slayer-steam-ep-2gr","status":"publish","type":"product","link":"https:\/\/gbe.md\/?product=slayer-steam-ep-2gr","title":{"rendered":"Slayer Steam EP 2gr"},"content":{"rendered":"<p>Model Slayer Steam EP, modelul de pornire al liniei comerciale Slayer, comparabil cu<br \/>\nmajoritatea modelelor de top ale produc\u0103torilor de espressoare. SteamEP nou<br \/>\nconceput pentru o operare lin\u0103 \u0219i u\u0219oar\u0103 \u00een timp ce furnizeaz\u0103<br \/>\nextrac\u021bie espresso de \u00eenalt\u0103 calitate. Este ideal pentru complex<br \/>\nunit\u0103\u021bi, companii angro de cafea \u0219i al\u021bi furnizori \u0219i dealeri de echipamente,<br \/>\nprecum \u0219i unit\u0103\u021bile care doresc s\u0103 treac\u0103 la echipamente premium.<\/p>\n<p>Extrac\u021bie clasic\u0103 9 bar cu control de pre-umezire<br \/>\nControl volumetric \u0219i programabil de pre-umidificare de la 0 la 4 sec.<\/p>\n<p>Patru set\u0103ri de volum per grup<br \/>\nFiecare buton poate fi programat cu dou\u0103 set\u0103ri volumetrice.<\/p>\n<p>Cazane individuale cu control al temperaturii PID<br \/>\nFunc\u021bionare stabil\u0103 \u0219i eficient\u0103 a espressorului, ideal pt<br \/>\nunit\u0103\u0163i cu un volum mare de comenzi.<\/p>\n<p>Buton de control<br \/>\nPentru set\u0103ri rapide \u0219i control u\u0219or.<\/p>\n<p>Panou central de control pentru baristi<br \/>\nProiectat pentru reglarea u\u0219oar\u0103 a volumetricei, a temperaturii de preparare,<br \/>\npre-umedare etc.<\/p>\n<p>Protejarea set\u0103rilor de baz\u0103 cu o parol\u0103<br \/>\nOfer\u0103 un anumit control \u00een munca barista.<\/p>\n<p>Design unic<br \/>\nM\u00e2nere c\u0103ptu\u0219ite, aripi laterale mate \u0219i panouri din aluminiu anodizat.<\/p>\n<p>Caracteristici cheie:<\/p>\n<p>Activare volumetrica, doua butoane cu patru programabile<br \/>\nset\u0103ri<br \/>\nPre-umidificare programabil\u0103 de la 0 la 4 secunde, patru set\u0103ri per<br \/>\nfiecare grup<br \/>\nPanou de control centralizat pentru barista (Barista DashboardTM)<br \/>\nBlocarea meniului cu o parol\u0103<\/p>\n<p>Dispozitive de abur \u0219i portafiltre cu func\u021bionare lin\u0103<br \/>\nCazane independente cu control al temperaturii PID<br \/>\nRobinet de ap\u0103 cald\u0103 cu robinet de amestec de ap\u0103 rece<br \/>\nSuprafata mare de lucru<br \/>\nFurtunuri \u0219i fire ascunse<br \/>\nPanouri din aluminiu anodizat bej deschis<br \/>\nAripe laterale negre mat<\/p>\n<p><strong>Specifica\u021bie<\/strong><\/p>\n<p>Latime: 86,5 cm<br \/>\nLungime: 70,5 cm<br \/>\nInaltime: 42,5 cm<br \/>\nGreutate: 100 kg (compartimente umplute)<br \/>\nCompartimente pentru b\u0103uturi: 1,7 l, 600 W<br \/>\nCompartiment pentru abur: 7,4 l, 3.500 W<br \/>\nPutere monofazat\u0103: 200-260 V, AC, 50\/60 Hz, 26 Am<br \/>\nPutere trifazat\u0103 (op\u021bional): 380-400 V, AC, 50\/60 Hz, 17 Am<br \/>\nConsum de energie: 4.700 W<br \/>\nNu face obiectul personaliz\u0103rii.<\/p>\n","protected":false},"excerpt":{"rendered":"<p>Model Slayer Steam EP, modelul de pornire al liniei comerciale Slayer, comparabil cu majoritatea modelelor de top ale produc\u0103torilor de espressoare. SteamEP nou conceput pentru o operare lin\u0103 \u0219i u\u0219oar\u0103 \u00een timp ce furnizeaz\u0103 extrac\u021bie espresso de \u00eenalt\u0103 calitate. Este ideal pentru complex unit\u0103\u021bi, companii angro de cafea \u0219i al\u021bi furnizori \u0219i dealeri de echipamente,&hellip;&nbsp;<a href=\"https:\/\/gbe.md\/?product=slayer-steam-ep-2gr\" class=\"\" rel=\"bookmark\">\u041f\u043e\u0434\u0440\u043e\u0431\u043d\u0435\u0435 &raquo;<span class=\"screen-reader-text\">Slayer Steam EP 2gr<\/span><\/a><\/p>\n","protected":false},"featured_media":428,"comment_status":"open","ping_status":"closed","template":"","meta":{"neve_meta_sidebar":"","neve_meta_container":"","neve_meta_enable_content_width":"off","neve_meta_content_width":100,"neve_meta_title_alignment":"","neve_meta_author_avatar":"","neve_post_elements_order":"","neve_meta_disable_header":"","neve_meta_disable_footer":"","neve_meta_disable_title":""},"pwb-brand":[48],"product_cat":[33,22,21],"product_tag":[],"class_list":{"0":"post-427","1":"product","2":"type-product","3":"status-publish","4":"has-post-thumbnail","6":"pwb-brand-slayer","7":"product_cat-33","8":"product_cat-22","9":"product_cat-21","11":"first","12":"instock","13":"shipping-taxable","14":"product-type-simple"},"brands":[{"id":48,"name":"Slayer","slug":"slayer"}],"_links":{"self":[{"href":"https:\/\/gbe.md\/index.php?rest_route=\/wp\/v2\/product\/427","targetHints":{"allow":["GET"]}}],"collection":[{"href":"https:\/\/gbe.md\/index.php?rest_route=\/wp\/v2\/product"}],"about":[{"href":"https:\/\/gbe.md\/index.php?rest_route=\/wp\/v2\/types\/product"}],"replies":[{"embeddable":true,"href":"https:\/\/gbe.md\/index.php?rest_route=%2Fwp%2Fv2%2Fcomments&post=427"}],"wp:featuredmedia":[{"embeddable":true,"href":"https:\/\/gbe.md\/index.php?rest_route=\/wp\/v2\/media\/428"}],"wp:attachment":[{"href":"https:\/\/gbe.md\/index.php?rest_route=%2Fwp%2Fv2%2Fmedia&parent=427"}],"wp:term":[{"taxonomy":"pwb-brand","embeddable":true,"href":"https:\/\/gbe.md\/index.php?rest_route=%2Fwp%2Fv2%2Fpwb-brand&post=427"},{"taxonomy":"product_cat","embeddable":true,"href":"https:\/\/gbe.md\/index.php?rest_route=%2Fwp%2Fv2%2Fproduct_cat&post=427"},{"taxonomy":"product_tag","embeddable":true,"href":"https:\/\/gbe.md\/index.php?rest_route=%2Fwp%2Fv2%2Fproduct_tag&post=427"}],"curies":[{"name":"wp","href":"https:\/\/api.w.org\/{rel}","templated":true}]}}