{"id":433,"date":"2024-05-25T08:44:20","date_gmt":"2024-05-25T08:44:20","guid":{"rendered":"https:\/\/gbe.md\/?post_type=product&#038;p=433"},"modified":"2024-05-25T08:44:20","modified_gmt":"2024-05-25T08:44:20","slug":"frigider-de-masa-22-l-tefcold-bc30","status":"publish","type":"product","link":"https:\/\/gbe.md\/?product=frigider-de-masa-22-l-tefcold-bc30","title":{"rendered":"Frigider de masa, 22 l, Tefcold BC30"},"content":{"rendered":"<p>Frigidere de blat Frigiderele mici TEFCOLD cu u\u0219i de sticl\u0103 sunt ideale ca frigidere de mas\u0103. Astfel de frigidere, dac\u0103 sunt plasate direct pe blat, atrag privirea \u0219i \u00eencurajeaz\u0103 achizi\u021biile spontane. Disponibil cu sau f\u0103r\u0103 panou superior iluminat. Toate modelele sunt grozave pentru branding.<br \/>\nU\u0219i de sticl\u0103 cu balamale<br \/>\nIluminare LED din interior<br \/>\nR\u0103cire dinamic\u0103<br \/>\nU\u0219\u0103 cu auto\u00eenchidere<br \/>\nRafturi fixe<br \/>\nPicioare reglabile<\/p>\n<p>Volum total\/utilizabil 22\/20 l<br \/>\nGreutate bruta \/ neta 25 \/ 22 kg<br \/>\nClasa climatic\u0103 4<br \/>\nInterval de temperatur\u0103 de la 0 la 10\u00b0C<br \/>\nNum\u0103rul \u0219i tipul u\u0219ilor 1 U\u0219\u0103 cu balamale din sticl\u0103 cu auto\u00eenchidere cu \u00eenc\u0103lzire<br \/>\nNum\u0103rul \u0219i tipul de rafturi 2 rafturi Lattice negre<br \/>\nIluminare interioara LED<br \/>\nPicioare\/suporturi 4 picioare reglabile<br \/>\nFinisaj exterior Negru<br \/>\nFinisaj interior: aluminiu vopsit, negru<br \/>\nCastelul da<br \/>\nFara termometru<br \/>\nTip controler Mecanic<br \/>\nNivel de zgomot 44 db(A)<br \/>\nTip de r\u0103cire Dinamic<br \/>\nTip dezghetare Automat<br \/>\nAgent frigorific R600a<br \/>\nConsum de agent frigorific 20 g<br \/>\nPutere de intrare 75 W<br \/>\nTensiune \/ Frecventa 220-240\/50 V\/Hz<br \/>\nConsum de energie 0,78 kW\/24h<br \/>\nDimensiuni interioare (L x A x A) 280 x 271 x 380 mm<br \/>\nDimensiuni totale (L x A x A) 356 x 406 x 491 mm<\/p>\n","protected":false},"excerpt":{"rendered":"<p>Frigidere de blat Frigiderele mici TEFCOLD cu u\u0219i de sticl\u0103 sunt ideale ca frigidere de mas\u0103. Astfel de frigidere, dac\u0103 sunt plasate direct pe blat, atrag privirea \u0219i \u00eencurajeaz\u0103 achizi\u021biile spontane. Disponibil cu sau f\u0103r\u0103 panou superior iluminat. Toate modelele sunt grozave pentru branding. U\u0219i de sticl\u0103 cu balamale Iluminare LED din interior R\u0103cire dinamic\u0103&hellip;&nbsp;<a href=\"https:\/\/gbe.md\/?product=frigider-de-masa-22-l-tefcold-bc30\" class=\"\" rel=\"bookmark\">\u041f\u043e\u0434\u0440\u043e\u0431\u043d\u0435\u0435 &raquo;<span class=\"screen-reader-text\">Frigider de masa, 22 l, Tefcold BC30<\/span><\/a><\/p>\n","protected":false},"featured_media":434,"comment_status":"open","ping_status":"closed","template":"","meta":{"neve_meta_sidebar":"","neve_meta_container":"","neve_meta_enable_content_width":"off","neve_meta_content_width":100,"neve_meta_title_alignment":"","neve_meta_author_avatar":"","neve_post_elements_order":"","neve_meta_disable_header":"","neve_meta_disable_footer":"","neve_meta_disable_title":""},"pwb-brand":[46],"product_cat":[33,24],"product_tag":[],"class_list":{"0":"post-433","1":"product","2":"type-product","3":"status-publish","4":"has-post-thumbnail","6":"pwb-brand-tefcold","7":"product_cat-33","8":"product_cat-24","10":"first","11":"instock","12":"shipping-taxable","13":"purchasable","14":"product-type-simple"},"brands":[{"id":46,"name":"Tefcold","slug":"tefcold"}],"_links":{"self":[{"href":"https:\/\/gbe.md\/index.php?rest_route=\/wp\/v2\/product\/433","targetHints":{"allow":["GET"]}}],"collection":[{"href":"https:\/\/gbe.md\/index.php?rest_route=\/wp\/v2\/product"}],"about":[{"href":"https:\/\/gbe.md\/index.php?rest_route=\/wp\/v2\/types\/product"}],"replies":[{"embeddable":true,"href":"https:\/\/gbe.md\/index.php?rest_route=%2Fwp%2Fv2%2Fcomments&post=433"}],"wp:featuredmedia":[{"embeddable":true,"href":"https:\/\/gbe.md\/index.php?rest_route=\/wp\/v2\/media\/434"}],"wp:attachment":[{"href":"https:\/\/gbe.md\/index.php?rest_route=%2Fwp%2Fv2%2Fmedia&parent=433"}],"wp:term":[{"taxonomy":"pwb-brand","embeddable":true,"href":"https:\/\/gbe.md\/index.php?rest_route=%2Fwp%2Fv2%2Fpwb-brand&post=433"},{"taxonomy":"product_cat","embeddable":true,"href":"https:\/\/gbe.md\/index.php?rest_route=%2Fwp%2Fv2%2Fproduct_cat&post=433"},{"taxonomy":"product_tag","embeddable":true,"href":"https:\/\/gbe.md\/index.php?rest_route=%2Fwp%2Fv2%2Fproduct_tag&post=433"}],"curies":[{"name":"wp","href":"https:\/\/api.w.org\/{rel}","templated":true}]}}